{"id":2320,"date":"2018-04-21T19:51:29","date_gmt":"2018-04-21T19:51:29","guid":{"rendered":"http:\/\/www.gentlecut.test\/?page_id=2320"},"modified":"2020-09-11T16:16:14","modified_gmt":"2020-09-11T16:16:14","slug":"inicio","status":"publish","type":"page","link":"https:\/\/roccibella.com\/","title":{"rendered":"Inicio"},"content":{"rendered":"<p>[vc_row equal_height=&#8221;yes&#8221; content_placement=&#8221;middle&#8221; css=&#8221;.vc_custom_1566333715284{margin-top: 60px !important;margin-bottom: 100px !important;}&#8221;][vc_column offset=&#8221;vc_col-lg-6 vc_col-md-12 vc_col-xs-12&#8243; css=&#8221;.vc_custom_1565944392600{padding-top: 50px !important;}&#8221;][vc_single_image image=&#8221;4724&#8243; img_size=&#8221;full&#8221; alignment=&#8221;center&#8221; style=&#8221;vc_box_border&#8221; css=&#8221;.vc_custom_1596497831465{margin-top: 0px !important;margin-bottom: 0px !important;padding-top: 0px !important;}&#8221;][\/vc_column][vc_column css=&#8221;.vc_custom_1565944403856{margin-right: 10px !important;margin-left: 15px !important;padding-top: 50px !important;}&#8221; offset=&#8221;vc_col-lg-6 vc_col-md-12 vc_col-xs-12&#8243;]<div style=\"margin:0px 0px 70px 0px;\" class=\"special-heading\">\r\n\t\t\t\t\t<h1 class=\"main-heading\" style=\"font-size:45px; font-weight:400; line-height:65px; text-align:left; text-transform:uppercase; color:#000;\">Sobre m\u00ed<\/h1>\r\n\t\t\t\t\t<div class=\"heading-sep left-pos\" style=\"background-color:#000;\"><\/div>\r\n\t\t\t\t<\/div><div style=\"margin:0px 0px 20px 0px;\" class=\"special-text\">\r\n\t\t\t\t\t<p style=\"font-size:14px !important; font-weight:400; line-height:28px; letter-spacing:0.2px; text-align:left; color:#737373;\">Soy Roccibella, una madre joven, estudiosa y trabajadora que sin ser una maquilladora profesional, te muestro d\u00eda a d\u00eda tutoriales de maquillajes y belleza, paso a paso con resultados y transformaciones incre\u00edbles.<\/p>\n<p>Para m\u00ed, mi marca personal representa una gran comunidad de mujeres latinas multifac\u00e9ticas que se sienten identificadas con querer alcanzar sus sue\u00f1os y nunca darse por vencidas.<\/p>\n<p>Empoderar a la mujer latina a trav\u00e9s de la belleza, es mi pasi\u00f3n, con cada uno de mis tutoriales intento demostrarles que podemos hacer una infinidad de cosas con los recursos que tenemos a nuestro alcance, sin limitarnos con nada y siempre sacando lo mejor de nosotras mismas. Recuerden chicas, \u201cSi yo puedo, t\u00fa tambi\u00e9n CLARO que puedes\u201d.<\/p>\r\n\t\t\t\t<\/div><div class=\"droplet-btn text-left\">\r\n\t\t\t\t\t<a href=\"https:\/\/www.youtube.com\/channel\/UCznTrr5_Jhs8ryRHNo50fBQ\" target=\"_blank\" class=\"btn \" style=\"background-color:#000; color:#fff\">Suscr\u00edbete a mi canal de YouTube<\/a>\r\n\t\t\t\t<\/div>[\/vc_column][\/vc_row][vc_row css=&#8221;.vc_custom_1565942534824{margin-left: 20px !important;}&#8221;][vc_column css=&#8221;.vc_custom_1565441654252{padding-top: 0px !important;}&#8221;]<div style=\"margin:0px 0px 100px 0px;\" class=\"special-heading\">\r\n\t\t\t\t\t<h1 class=\"main-heading\" style=\"font-size:45px; font-weight:400; line-height:65px; text-align:left; text-transform:uppercase; color:#000;\">Contenido para ti<\/h1>\r\n\t\t\t\t\t<div class=\"heading-sep left-pos\" style=\"background-color:#000;\"><\/div>\r\n\t\t\t\t<\/div>[\/vc_column][vc_column offset=&#8221;vc_col-lg-3 vc_col-md-6 vc_col-xs-12&#8243;]<div class=\"iconbox style-2\">\r\n    \t\t\t\t<div class=\"img\"><img src=\"https:\/\/roccibella.com\/wp-content\/uploads\/2020\/05\/girl-laughing-1.png\" alt=\"\" \/><\/div>\r\n                    <div class=\"iconbox-content\">\r\n                        <div class=\"iconbox-caption\">\r\n                            <h3 style=\"color:#000;\">MIS FAVORITOS<\/h3>\r\n                            <p style=\"color:#737373;\">Me encanta compartirte mis productos favoritos, buenos, bonitos y baratos, donde incluso algunos los tienes en casa.<\/p>\r\n                        <\/div>\r\n                        <div class=\"iconbox-btn\"><a style=\"color:#f7416a;\" href=https:\/\/www.youtube.com\/playlist?list=PL5dxeQgcDWHDR1jNfFVFczAv4z9ehZ6de target=_blank>Ver mis favoritos<\/a><i style=\"color:#f7416a;\" class=\"fa fa-arrow-right\"><\/i><\/div>                        \r\n                    <\/div>\r\n                <\/div>[\/vc_column][vc_column offset=&#8221;vc_col-lg-3 vc_col-md-6 vc_col-xs-12&#8243;]<div class=\"iconbox style-2\">\r\n    \t\t\t\t<div class=\"img\"><img src=\"https:\/\/roccibella.com\/wp-content\/uploads\/2020\/05\/nails-2.png\" alt=\"\" \/><\/div>\r\n                    <div class=\"iconbox-content\">\r\n                        <div class=\"iconbox-caption\">\r\n                            <h3 style=\"color:#000;\">TIPS<\/h3>\r\n                            <p style=\"color:#737373;\">En cada contenido encontrar\u00e1s un tip para que aprendas algo.<\/p>\r\n                        <\/div>\r\n                        <div class=\"iconbox-btn\"><a style=\"color:#f7416a;\" href=https:\/\/roccibella.com\/?page_id=6 target=_blank>Leer mi blog<\/a><i style=\"color:#f7416a;\" class=\"fa fa-arrow-right\"><\/i><\/div>                        \r\n                    <\/div>\r\n                <\/div>[\/vc_column][vc_column offset=&#8221;vc_col-lg-3 vc_col-md-6 vc_col-xs-12&#8243;]<div class=\"iconbox style-2\">\r\n    \t\t\t\t<div class=\"img\"><img src=\"https:\/\/roccibella.com\/wp-content\/uploads\/2020\/05\/girl-face-mask-1.png\" alt=\"\" \/><\/div>\r\n                    <div class=\"iconbox-content\">\r\n                        <div class=\"iconbox-caption\">\r\n                            <h3 style=\"color:#000;\">TUTORIALES<\/h3>\r\n                            <p style=\"color:#737373;\">Tengo un tutorial para cada cosa que te puedas imaginar con maquillaje, por eso te invito a que practiques conmigo.<\/p>\r\n                        <\/div>\r\n                        <div class=\"iconbox-btn\"><a style=\"color:#f7416a;\" href=https:\/\/www.youtube.com\/playlist?list=PL5dxeQgcDWHBGJOnKznzZc0iqoOcrxWJg target=_blank>aprender con mis tutoriales<\/a><i style=\"color:#f7416a;\" class=\"fa fa-arrow-right\"><\/i><\/div>                        \r\n                    <\/div>\r\n                <\/div>[\/vc_column][vc_column offset=&#8221;vc_col-lg-3 vc_col-md-6 vc_col-xs-12&#8243;]<div class=\"iconbox style-2\">\r\n    \t\t\t\t<div class=\"img\"><img src=\"https:\/\/roccibella.com\/wp-content\/uploads\/2020\/05\/beauty-girl.png\" alt=\"\" \/><\/div>\r\n                    <div class=\"iconbox-content\">\r\n                        <div class=\"iconbox-caption\">\r\n                            <h3 style=\"color:#000;\">CLASES<\/h3>\r\n                            <p style=\"color:#737373;\">Si quieres dedicarte al maquillaje o aprender para aplicarlo a ti o a amigas, entonces comienza mis clases y prep\u00e1rate para aprender a maquillar profesionalmente.<\/p>\r\n                        <\/div>\r\n                        <div class=\"iconbox-btn\"><a style=\"color:#f7416a;\" href=https:\/\/roccibella.com\/?page_id=4861 target=_blank>Cursos gratis<\/a><i style=\"color:#f7416a;\" class=\"fa fa-arrow-right\"><\/i><\/div>                        \r\n                    <\/div>\r\n                <\/div>[\/vc_column][vc_column][\/vc_column][\/vc_row][vc_row full_width=&#8221;stretch_row&#8221; css=&#8221;.vc_custom_1565939154927{margin-top: 70px !important;margin-bottom: 100px !important;padding-top: 65px !important;padding-bottom: 100px !important;background-color: #f3f4f6 !important;}&#8221;][vc_column offset=&#8221;vc_col-lg-3 vc_col-md-6 vc_col-xs-12&#8243; css=&#8221;.vc_custom_1565942906450{margin-right: 20px !important;margin-left: 20px !important;}&#8221;]<div style=\"margin:0px 0px 70px 0px;\" class=\"special-heading\">\r\n\t\t\t\t\t<h1 class=\"main-heading\" style=\"font-size:45px; font-weight:400; line-height:65px; text-align:left; text-transform:uppercase; color:#000;\">\u00bfQuieres resultados incre\u00edbles?<\/h1>\r\n\t\t\t\t\t<div class=\"heading-sep left-pos\" style=\"background-color:#000;\"><\/div>\r\n\t\t\t\t<\/div><div style=\"margin:0px 0px 10px 0px;\" class=\"special-text\">\r\n\t\t\t\t\t<p style=\"font-size:14px !important; font-weight:400; line-height:28px; letter-spacing:0.2px; text-align:left; color:#737373;\">En todas mis redes sociales puedes aprender una t\u00e9cnica, un truco, un paso a paso, conocer un producto que puedes utilizar para maquillarte como yo.<\/p>\n<p>Muchas personas en mi comunidad me acompa\u00f1an porque aman el maquillaje igual que yo, otras porque se r\u00eden con mis locuras y otros porque son una mezcla de todo, porque a pesar que mi contenido es de belleza, lo que yo hago va m\u00e1s all\u00e1 de un pincel o una sombra.<\/p>\r\n\t\t\t\t<\/div><div class=\"droplet-btn text-left\">\r\n\t\t\t\t\t<a href=\"https:\/\/www.instagram.com\/roccibella\/\" target=\"_blank\" class=\"btn \" style=\"background-color:#000; color:#fff\">\u00a1S\u00edgueme en Instagram!<\/a>\r\n\t\t\t\t<\/div>[\/vc_column][vc_column offset=&#8221;vc_col-lg-9 vc_col-md-6 vc_col-xs-12&#8243;]<div class=\"bfslider\">\r\n\t    \t\t\t<div class=\"cocoen\">\r\n\t    \t\t\t\t<img src=\"https:\/\/roccibella.com\/wp-content\/uploads\/2020\/08\/antes.png\" alt=\"\" \/>\r\n\t    \t\t\t\t<img src=\"https:\/\/roccibella.com\/wp-content\/uploads\/2020\/08\/desoues.png\" alt=\"\" \/>\r\n\t                <\/div>\t\t\t\r\n                <\/div>[\/vc_column][\/vc_row][vc_row][vc_column css=&#8221;.vc_custom_1565441782765{padding-top: 0px !important;}&#8221;]<div style=\"margin:0px 0px 70px 0px;\" class=\"special-heading\">\r\n\t\t\t\t\t<h1 class=\"main-heading\" style=\"font-size:45px; font-weight:400; line-height:65px; text-align:center; text-transform:uppercase; color:#000;\">Marcas con las que he trabajado<\/h1>\r\n\t\t\t\t\t<div class=\"heading-sep center-pos\" style=\"background-color:#000;\"><\/div>\r\n\t\t\t\t<\/div><div class=\"testimonials\"><div class=\"content\"><div class=\"info\" style=\"background-color:#f4f5f7\"><p style=\"color:#737373;\">Colaboraci\u00f3n en la creaci\u00f3n de mi set de brochas favoritas para utilizarlas versatilmente.<\/p><\/div><img src=\"https:\/\/roccibella.com\/wp-content\/uploads\/2020\/08\/download.png\" alt=\"\" \/><h4 style=\"color:#000;\">Sigma Beauty&nbsp;<\/h4><p style=\"color:#737373;\">Beauty Brand<\/p><\/div><div class=\"content\"><div class=\"info\" style=\"background-color:#f4f5f7\"><p style=\"color:#737373;\">Colaboraci\u00f3n en la creaci\u00f3n de mis productos favoritos de la marca, teniendo ``sold out`` en par de horas.<\/p><\/div><img src=\"https:\/\/roccibella.com\/wp-content\/uploads\/2020\/08\/9c33fdbea544a2c56bb9c39c4e497883.png\" alt=\"\" \/><h4 style=\"color:#000;\">ColourPop&nbsp;<\/h4><p style=\"color:#737373;\">Beauty Brand<\/p><\/div><div class=\"content\"><div class=\"info\" style=\"background-color:#f4f5f7\"><p style=\"color:#737373;\">Innumerables campa\u00f1as con Sephora para la promoci\u00f3n de los nuevos lanzamientos de los productos en mi canal de YouTube y Instagram.<\/p><\/div><img src=\"https:\/\/roccibella.com\/wp-content\/uploads\/2020\/08\/Sephora-symbol.jpg\" alt=\"\" \/><h4 style=\"color:#000;\">Sephora&nbsp;<\/h4><p style=\"color:#737373;\">Beauty Brand<\/p><\/div><div class=\"content\"><div class=\"info\" style=\"background-color:#f4f5f7\"><p style=\"color:#737373;\">2 a\u00f1os trabajando con la marca, realizado rese\u00f1as, clases online y eventos.<\/p><\/div><img src=\"https:\/\/roccibella.com\/wp-content\/uploads\/2020\/08\/download-1.png\" alt=\"\" \/><h4 style=\"color:#000;\">BoxyCharm&nbsp;<\/h4><p style=\"color:#737373;\">Beauty membership products<\/p><\/div><div class=\"content\"><div class=\"info\" style=\"background-color:#f4f5f7\"><p style=\"color:#737373;\">Rese\u00f1as sobre prendas de vestir y accesorios para mi comunidad en Facebook y YouTube<\/p><\/div><img src=\"https:\/\/roccibella.com\/wp-content\/uploads\/2020\/08\/download-2.png\" alt=\"\" \/><h4 style=\"color:#000;\">Shein&nbsp;<\/h4><p style=\"color:#737373;\">Fashion E-commerce<\/p><\/div><div class=\"content\"><div class=\"info\" style=\"background-color:#f4f5f7\"><p style=\"color:#737373;\">Campa\u00f1a promocional para su productos exfoliadores del cuidado del cuerpo.<\/p><\/div><img src=\"https:\/\/roccibella.com\/wp-content\/uploads\/2020\/08\/Dove-Logo-2012.jpg\" alt=\"\" \/><h4 style=\"color:#000;\">Dove&nbsp;<\/h4><p style=\"color:#737373;\">Personal care Brand<\/p><\/div><\/div><div style=\"margin:0px 0px 10px 0px;\" class=\"special-text\">\r\n\t\t\t\t\t<p style=\"font-size:14px !important; font-weight:400; line-height:28px; letter-spacing:0.2px; text-align:center; color:#737373;\"><\/p>\n<p style=\"text-align: center;\">Si te gustar\u00eda trabajar conmigo, escr\u00edbeme porque estoy segura que podemos hacer much\u00edsimas cosas juntos.<\/p>\n<p><\/p>\r\n\t\t\t\t<\/div><div class=\"droplet-btn text-center\">\r\n\t\t\t\t\t<a href=\"https:\/\/roccibella.com\/?page_id=3076\" target=\"_blank\" class=\"btn \" style=\"background-color:#000; color:#fff\">\u00a1Contactar!<\/a>\r\n\t\t\t\t<\/div>[\/vc_column][\/vc_row][vc_row css=&#8221;.vc_custom_1565441982795{margin-top: 120px !important;}&#8221;][vc_column css=&#8221;.vc_custom_1565007043010{padding-top: 0px !important;}&#8221;]<div style=\"margin:0px 0px 70px 0px;\" class=\"special-heading\">\r\n\t\t\t\t\t<h1 class=\"main-heading\" style=\"font-size:45px; font-weight:400; line-height:65px; text-align:center; text-transform:uppercase; color:#000;\">Mi Lookbook<\/h1>\r\n\t\t\t\t\t<div class=\"heading-sep center-pos\" style=\"background-color:#000;\"><\/div>\r\n\t\t\t\t<\/div>[\/vc_column][\/vc_row][vc_row full_width=&#8221;stretch_row_content_no_spaces&#8221; css=&#8221;.vc_custom_1565945421234{margin-top: 0px !important;margin-bottom: 100px !important;padding-top: 0px !important;padding-bottom: 0px !important;}&#8221;][vc_column css=&#8221;.vc_custom_1565007033196{padding-top: 0px !important;}&#8221;]\r\n\t\t    <div class=\"image-carousel\"><img src=\"https:\/\/roccibella.com\/wp-content\/uploads\/2020\/08\/69281508_358476811762881_4040823238075855759_n.jpg\" alt=\"\"><img src=\"https:\/\/roccibella.com\/wp-content\/uploads\/2020\/08\/77222443_2524262474486520_6455388593022403156_n.jpg\" alt=\"\"><img src=\"https:\/\/roccibella.com\/wp-content\/uploads\/2020\/08\/80790033_647866895952101_670294439867912132_n.jpg\" alt=\"\"><img src=\"https:\/\/roccibella.com\/wp-content\/uploads\/2020\/08\/67345441_2145611062411940_4994186295017817283_n.jpg\" alt=\"\"><img src=\"https:\/\/roccibella.com\/wp-content\/uploads\/2020\/08\/60774880_860668237634039_649288087065153227_n.jpg\" alt=\"\"><img src=\"https:\/\/roccibella.com\/wp-content\/uploads\/2020\/08\/74607431_2593418707393037_478153443495032494_n.jpg\" alt=\"\"><\/div>[\/vc_column][\/vc_row]<\/p>\n","protected":false},"excerpt":{"rendered":"<p>[vc_row equal_height=&#8221;yes&#8221; content_placement=&#8221;middle&#8221; css=&#8221;.vc_custom_1566333715284{margin-top: 60px !important;margin-bottom: 100px !important;}&#8221;][vc_column offset=&#8221;vc_col-lg-6 vc_col-md-12 vc_col-xs-12&#8243; css=&#8221;.vc_custom_1565944392600{padding-top: 50px !important;}&#8221;][vc_single_image image=&#8221;4724&#8243; img_size=&#8221;full&#8221; alignment=&#8221;center&#8221; style=&#8221;vc_box_border&#8221; css=&#8221;.vc_custom_1596497831465{margin-top: 0px !important;margin-bottom: 0px !important;padding-top: 0px !important;}&#8221;][\/vc_column][vc_column css=&#8221;.vc_custom_1565944403856{margin-right: 10px !important;margin-left: 15px !important;padding-top: 50px !important;}&#8221; offset=&#8221;vc_col-lg-6 vc_col-md-12 vc_col-xs-12&#8243;][\/vc_column][\/vc_row][vc_row css=&#8221;.vc_custom_1565942534824{margin-left: 20px !important;}&#8221;][vc_column css=&#8221;.vc_custom_1565441654252{padding-top: 0px !important;}&#8221;][\/vc_column][vc_column offset=&#8221;vc_col-lg-3 vc_col-md-6 vc_col-xs-12&#8243;][\/vc_column][vc_column offset=&#8221;vc_col-lg-3 vc_col-md-6 vc_col-xs-12&#8243;][\/vc_column][vc_column offset=&#8221;vc_col-lg-3 vc_col-md-6 vc_col-xs-12&#8243;][\/vc_column][vc_column [&hellip;]<\/p>\n","protected":false},"author":1,"featured_media":0,"parent":0,"menu_order":0,"comment_status":"closed","ping_status":"closed","template":"","meta":[],"_links":{"self":[{"href":"https:\/\/roccibella.com\/index.php?rest_route=\/wp\/v2\/pages\/2320"}],"collection":[{"href":"https:\/\/roccibella.com\/index.php?rest_route=\/wp\/v2\/pages"}],"about":[{"href":"https:\/\/roccibella.com\/index.php?rest_route=\/wp\/v2\/types\/page"}],"author":[{"embeddable":true,"href":"https:\/\/roccibella.com\/index.php?rest_route=\/wp\/v2\/users\/1"}],"replies":[{"embeddable":true,"href":"https:\/\/roccibella.com\/index.php?rest_route=%2Fwp%2Fv2%2Fcomments&post=2320"}],"version-history":[{"count":38,"href":"https:\/\/roccibella.com\/index.php?rest_route=\/wp\/v2\/pages\/2320\/revisions"}],"predecessor-version":[{"id":4951,"href":"https:\/\/roccibella.com\/index.php?rest_route=\/wp\/v2\/pages\/2320\/revisions\/4951"}],"wp:attachment":[{"href":"https:\/\/roccibella.com\/index.php?rest_route=%2Fwp%2Fv2%2Fmedia&parent=2320"}],"curies":[{"name":"wp","href":"https:\/\/api.w.org\/{rel}","templated":true}]}}